{"id":80,"date":"2025-09-30T13:59:08","date_gmt":"2025-09-30T13:59:08","guid":{"rendered":"https:\/\/jai2ailes.fr\/?post_type=product&#038;p=80"},"modified":"2025-11-10T14:29:12","modified_gmt":"2025-11-10T14:29:12","slug":"ponton-1","status":"publish","type":"product","link":"https:\/\/jai2ailes.fr\/index.php\/produit\/ponton-1\/","title":{"rendered":"Location de ponton pour 2 personnes"},"content":{"rendered":"<h2>Location de ponton pour 2 personnes \u2013 Domaine J\u2019ai 2 Ailes<\/h2>\n<p>Installez-vous confortablement sur l\u2019un de nos pontons am\u00e9nag\u00e9s et profitez d\u2019une journ\u00e9e de p\u00eache \u00e0 la carpe dans un cadre naturel et apaisant. La <strong>location de ponton au Domaine J\u2019ai 2 Ailes<\/strong> vous offre un espace privil\u00e9gi\u00e9 pour pratiquer votre passion en toute tranquillit\u00e9.<\/p>\n<ul>\n<li><strong>Dur\u00e9e :<\/strong> location \u00e0 la journ\u00e9e<\/li>\n<li><strong>Acc\u00e8s :<\/strong> emplacement s\u00e9curis\u00e9 avec espace pour votre mat\u00e9riel<\/li>\n<li><strong>Confort :<\/strong> pontons spacieux et bien entretenus<\/li>\n<li><strong>Poissons pr\u00e9sents :<\/strong> carpes et esp\u00e8ces locales<\/li>\n<li><strong>Cadre :<\/strong> site naturel, verdoyant et calme<\/li>\n<\/ul>\n<p><em>Id\u00e9al pour une sortie entre amis, en famille ou pour perfectionner vos techniques de p\u00eache.<\/em><\/p>\n<h3>Conditions de r\u00e9servation<\/h3>\n<p>La r\u00e9servation de votre ponton se fait en ligne. <strong>Elle sera valid\u00e9e uniquement apr\u00e8s confirmation par le responsable du domaine<\/strong>. Vous recevrez alors un e-mail de confirmation avec toutes les informations pratiques.<\/p>\n<h3>Tarifs<\/h3>\n<p>Consultez nos disponibilit\u00e9s et tarifs directement via notre module de r\u00e9servation en ligne.<\/p>\n<p><strong>R\u00e9servez d\u00e8s maintenant votre ponton et vivez une exp\u00e9rience de p\u00eache unique au Domaine J\u2019ai 2 Ailes !<\/strong><\/p>\n","protected":false},"excerpt":{"rendered":"<h2>Location de ponton pour 2 personnes<\/h2>\n","protected":false},"featured_media":366,"comment_status":"open","ping_status":"closed","template":"","meta":[],"product_brand":[],"product_cat":[22],"product_tag":[],"class_list":{"0":"post-80","1":"product","2":"type-product","3":"status-publish","4":"has-post-thumbnail","6":"product_cat-location-ponton","8":"first","9":"instock","10":"virtual","11":"purchasable","12":"product-type-appointment"},"exclude_global_add_ons":false,"addons":[{"name":"Snacking personne 1","type":"checkbox","position":0,"required":false,"title_format":"label","default":"","description_enable":false,"description":"","placeholder_enable":false,"placeholder":"","display":"select","restrictions_type":"any_text","adjust_price":false,"price":"","price_type":"flat_fee","restrictions":false,"min":"0","max":"0","options":[{"label":"Croque Monsieur","price":"2.5","price_type":"flat_fee","image":0,"visibility":true},{"label":"Pain banat thon frais","price":"6.5","price_type":"flat_fee","image":0,"visibility":true},{"label":"Assiette de frites avec mayonnaise","price":"2.5","price_type":"flat_fee","image":0,"visibility":true}],"id":1762784578},{"name":"Snacking personne 2","type":"checkbox","position":1,"required":false,"title_format":"label","default":"","description_enable":false,"description":"","placeholder_enable":false,"placeholder":"","display":"select","restrictions_type":"any_text","adjust_price":false,"price":"","price_type":"flat_fee","restrictions":false,"min":"0","max":"0","options":[{"label":"Croque Monsieur","price":"2.5","price_type":"flat_fee","image":0,"visibility":true},{"label":"Pain banat thon frais","price":"6.5","price_type":"flat_fee","image":0,"visibility":true},{"label":"Assiette de frites avec mayonnaise","price":"2.5","price_type":"flat_fee","image":0,"visibility":true}],"id":1762784469}],"_links":{"self":[{"href":"https:\/\/jai2ailes.fr\/index.php\/wp-json\/wp\/v2\/product\/80","targetHints":{"allow":["GET"]}}],"collection":[{"href":"https:\/\/jai2ailes.fr\/index.php\/wp-json\/wp\/v2\/product"}],"about":[{"href":"https:\/\/jai2ailes.fr\/index.php\/wp-json\/wp\/v2\/types\/product"}],"replies":[{"embeddable":true,"href":"https:\/\/jai2ailes.fr\/index.php\/wp-json\/wp\/v2\/comments?post=80"}],"wp:featuredmedia":[{"embeddable":true,"href":"https:\/\/jai2ailes.fr\/index.php\/wp-json\/wp\/v2\/media\/366"}],"wp:attachment":[{"href":"https:\/\/jai2ailes.fr\/index.php\/wp-json\/wp\/v2\/media?parent=80"}],"wp:term":[{"taxonomy":"product_brand","embeddable":true,"href":"https:\/\/jai2ailes.fr\/index.php\/wp-json\/wp\/v2\/product_brand?post=80"},{"taxonomy":"product_cat","embeddable":true,"href":"https:\/\/jai2ailes.fr\/index.php\/wp-json\/wp\/v2\/product_cat?post=80"},{"taxonomy":"product_tag","embeddable":true,"href":"https:\/\/jai2ailes.fr\/index.php\/wp-json\/wp\/v2\/product_tag?post=80"}],"curies":[{"name":"wp","href":"https:\/\/api.w.org\/{rel}","templated":true}]}}