{"id":391,"date":"2025-10-31T09:30:02","date_gmt":"2025-10-31T09:30:02","guid":{"rendered":"https:\/\/jai2ailes.fr\/?post_type=product&#038;p=391"},"modified":"2025-12-02T13:17:42","modified_gmt":"2025-12-02T13:17:42","slug":"concours-g2l-cup-competition-de-2x8h-en-americaine","status":"publish","type":"product","link":"https:\/\/jai2ailes.fr\/index.php\/produit\/concours-g2l-cup-competition-de-2x8h-en-americaine\/","title":{"rendered":"Concours G2L Cup ( Comp\u00e9tition de 2x8h en am\u00e9ricaine )"},"content":{"rendered":"<h2>Concours G2L Cup ( Comp\u00e9tition de 2x8h en am\u00e9ricaine )\u2013 Domaine J\u2019ai 2 Ailes<\/h2>\n<p>Vivez une <strong>exp\u00e9rience de p\u00eache \u00e0 la carpe unique sur tout un week-end<\/strong> au <strong>Domaine J\u2019ai 2 Ailes<\/strong> ! Comp\u00e9tition de 2x8h en am\u00e9ricaine est l\u2019occasion parfaite de partager votre passion, de tester votre endurance et de profiter d\u2019un moment convivial en pleine nature.<\/p>\n<ul>\n<li><strong>Dur\u00e9e :<\/strong> 2 jours complets de p\u00eache (du samedi au dimanche 2x8h)<\/li>\n<li><strong>Type :<\/strong> concours de p\u00eache \u00e0 la carpe en bin\u00f4me<\/li>\n<li><strong>Cadre :<\/strong> un \u00e9tang paisible et verdoyant, propice \u00e0 la d\u00e9tente et \u00e0 la performance<\/li>\n<li><strong>Ambiance :<\/strong> esprit sportif, convivialit\u00e9 et fair-play garantis<\/li>\n<li><strong>Restauration sur place :<\/strong> repas chauds, buvette et collations disponibles tout au long du week-end<\/li>\n<\/ul>\n<p><em>Un week-end plac\u00e9 sous le signe de la passion, du partage et de la nature.<\/em><\/p>\n<h3>R\u00e9servation<\/h3>\n<p>R\u00e9servez votre place directement en ligne pour participer \u00e0 notre concours week-end.<br \/>\n<strong>Votre inscription sera confirm\u00e9e uniquement apr\u00e8s validation par le responsable du domaine.<\/strong><\/p>\n<p><strong>Attention : les places sont limit\u00e9es !<\/strong><\/p>\n","protected":false},"excerpt":{"rendered":"<h2>Concours G2L Cup ( Comp\u00e9tition de 2x8h en am\u00e9ricaine ) \u2013 Domaine J\u2019ai 2 Ailes<\/h2>\n<p>Vivez une <strong>exp\u00e9rience de p\u00eache \u00e0 la carpe unique sur tout un week-end<\/strong> au <strong>Domaine J\u2019ai 2 Ailes<\/strong> ! Comp\u00e9tition de 2x8h en am\u00e9ricaine est l\u2019occasion parfaite de partager votre passion, de tester votre endurance et de profiter d\u2019un moment convivial en pleine nature.<\/p>\n","protected":false},"featured_media":164,"comment_status":"open","ping_status":"closed","template":"","meta":[],"product_brand":[],"product_cat":[23],"product_tag":[],"class_list":{"0":"post-391","1":"product","2":"type-product","3":"status-publish","4":"has-post-thumbnail","6":"product_cat-concours","8":"first","9":"instock","10":"virtual","11":"purchasable","12":"product-type-appointment"},"exclude_global_add_ons":false,"addons":[{"name":"Nom de l'am\u00e9ricain","type":"custom_text","position":0,"required":true,"title_format":"label","default":"","description_enable":false,"description":"","placeholder_enable":false,"placeholder":"","display":"select","restrictions_type":"any_text","adjust_price":false,"price":"","price_type":"flat_fee","restrictions":false,"min":"0","max":"0","options":[],"id":1762766113}],"_links":{"self":[{"href":"https:\/\/jai2ailes.fr\/index.php\/wp-json\/wp\/v2\/product\/391","targetHints":{"allow":["GET"]}}],"collection":[{"href":"https:\/\/jai2ailes.fr\/index.php\/wp-json\/wp\/v2\/product"}],"about":[{"href":"https:\/\/jai2ailes.fr\/index.php\/wp-json\/wp\/v2\/types\/product"}],"replies":[{"embeddable":true,"href":"https:\/\/jai2ailes.fr\/index.php\/wp-json\/wp\/v2\/comments?post=391"}],"wp:featuredmedia":[{"embeddable":true,"href":"https:\/\/jai2ailes.fr\/index.php\/wp-json\/wp\/v2\/media\/164"}],"wp:attachment":[{"href":"https:\/\/jai2ailes.fr\/index.php\/wp-json\/wp\/v2\/media?parent=391"}],"wp:term":[{"taxonomy":"product_brand","embeddable":true,"href":"https:\/\/jai2ailes.fr\/index.php\/wp-json\/wp\/v2\/product_brand?post=391"},{"taxonomy":"product_cat","embeddable":true,"href":"https:\/\/jai2ailes.fr\/index.php\/wp-json\/wp\/v2\/product_cat?post=391"},{"taxonomy":"product_tag","embeddable":true,"href":"https:\/\/jai2ailes.fr\/index.php\/wp-json\/wp\/v2\/product_tag?post=391"}],"curies":[{"name":"wp","href":"https:\/\/api.w.org\/{rel}","templated":true}]}}