{"id":389,"date":"2025-10-31T08:46:19","date_gmt":"2025-10-31T08:46:19","guid":{"rendered":"https:\/\/jai2ailes.fr\/?post_type=product&#038;p=389"},"modified":"2025-12-02T13:21:23","modified_gmt":"2025-12-02T13:21:23","slug":"concours-en-americaine","status":"publish","type":"product","link":"https:\/\/jai2ailes.fr\/index.php\/produit\/concours-en-americaine\/","title":{"rendered":"Concours en am\u00e9ricaine (1 journ\u00e9e )"},"content":{"rendered":"<h2>Concours en am\u00e9ricaine (1 journ\u00e9e ) \u2013 Domaine J\u2019ai 2 Ailes<\/h2>\n<p>Participez \u00e0 notre <strong>concours de p\u00eache \u00e0 la carpe sur une journ\u00e9e<\/strong> au <strong>Domaine J\u2019ai 2 Ailes<\/strong> ! Que vous soyez passionn\u00e9, comp\u00e9titeur ou simplement amateur de p\u00eache en toute convivialit\u00e9, ce concours est fait pour vous.<\/p>\n<ul>\n<li><strong>Dur\u00e9e :<\/strong> 1 journ\u00e9e compl\u00e8te de p\u00eache<\/li>\n<li><strong>Type :<\/strong> concours de p\u00eache \u00e0 la carpe en bin\u00f4me<\/li>\n<li><strong>Lieu :<\/strong> \u00c9tang du Domaine J\u2019ai 2 Ailes, dans un cadre naturel et paisible<\/li>\n<li><strong>Ambiance :<\/strong> esprit sportif et convivial, accessible \u00e0 tous les niveaux<\/li>\n<li><strong>Restauration sur place :<\/strong> buvette, repas chaud et snacks disponibles pendant la journ\u00e9e<\/li>\n<\/ul>\n<p><em>Venez vivre une journ\u00e9e de partage et de passion autour de la p\u00eache, dans un cadre verdoyant et chaleureux.<\/em><\/p>\n<h3>R\u00e9servation<\/h3>\n<p>Inscrivez-vous directement en ligne pour r\u00e9server votre place au concours.<br \/>\n<strong>La confirmation de votre inscription sera envoy\u00e9e apr\u00e8s validation par le responsable du domaine.<\/strong><\/p>\n<p><strong>Ne tardez pas, les places sont limit\u00e9es !<\/strong><\/p>\n<p>&nbsp;<\/p>\n<p>R\u00e8glement du concours 2025 -2026<\/p>\n","protected":false},"excerpt":{"rendered":"<h2>Concours en am\u00e9ricaine (1 journ\u00e9e ) \u2013 Domaine J\u2019ai 2 Ailes<\/h2>\n<p>Participez \u00e0 notre <strong>concours de p\u00eache \u00e0 la carpe sur une journ\u00e9e<\/strong> au <strong>Domaine J\u2019ai 2 Ailes<\/strong> ! Que vous soyez passionn\u00e9, comp\u00e9titeur ou simplement amateur de p\u00eache en toute convivialit\u00e9, ce concours est fait pour vous.<\/p>\n","protected":false},"featured_media":101,"comment_status":"open","ping_status":"closed","template":"","meta":[],"product_brand":[],"product_cat":[23],"product_tag":[],"class_list":{"0":"post-389","1":"product","2":"type-product","3":"status-publish","4":"has-post-thumbnail","6":"product_cat-concours","8":"first","9":"instock","10":"virtual","11":"purchasable","12":"product-type-appointment"},"exclude_global_add_ons":false,"addons":[{"name":"Nom de l'am\u00e9ricain","type":"custom_text","position":0,"required":true,"title_format":"label","default":"","description_enable":false,"description":"","placeholder_enable":false,"placeholder":"","display":"select","restrictions_type":"any_text","adjust_price":false,"price":"","price_type":"flat_fee","restrictions":false,"min":"0","max":"0","options":[],"id":1762766036}],"_links":{"self":[{"href":"https:\/\/jai2ailes.fr\/index.php\/wp-json\/wp\/v2\/product\/389","targetHints":{"allow":["GET"]}}],"collection":[{"href":"https:\/\/jai2ailes.fr\/index.php\/wp-json\/wp\/v2\/product"}],"about":[{"href":"https:\/\/jai2ailes.fr\/index.php\/wp-json\/wp\/v2\/types\/product"}],"replies":[{"embeddable":true,"href":"https:\/\/jai2ailes.fr\/index.php\/wp-json\/wp\/v2\/comments?post=389"}],"wp:featuredmedia":[{"embeddable":true,"href":"https:\/\/jai2ailes.fr\/index.php\/wp-json\/wp\/v2\/media\/101"}],"wp:attachment":[{"href":"https:\/\/jai2ailes.fr\/index.php\/wp-json\/wp\/v2\/media?parent=389"}],"wp:term":[{"taxonomy":"product_brand","embeddable":true,"href":"https:\/\/jai2ailes.fr\/index.php\/wp-json\/wp\/v2\/product_brand?post=389"},{"taxonomy":"product_cat","embeddable":true,"href":"https:\/\/jai2ailes.fr\/index.php\/wp-json\/wp\/v2\/product_cat?post=389"},{"taxonomy":"product_tag","embeddable":true,"href":"https:\/\/jai2ailes.fr\/index.php\/wp-json\/wp\/v2\/product_tag?post=389"}],"curies":[{"name":"wp","href":"https:\/\/api.w.org\/{rel}","templated":true}]}}