{"id":289,"date":"2025-10-06T07:15:12","date_gmt":"2025-10-06T07:15:12","guid":{"rendered":"https:\/\/jai2ailes.fr\/?post_type=product&#038;p=289"},"modified":"2025-12-02T13:26:39","modified_gmt":"2025-12-02T13:26:39","slug":"concours-weekend-2-jours","status":"publish","type":"product","link":"https:\/\/jai2ailes.fr\/index.php\/produit\/concours-weekend-2-jours\/","title":{"rendered":"Concours Am\u00e9ricaine (24H avec un rempla\u00e7ant possible)"},"content":{"rendered":"<h2>Concours Am\u00e9ricaine (24H avec un rempla\u00e7ant possible) \u2013 Domaine J\u2019ai 2 Ailes<\/h2>\n<h3><strong>Le\u00a0<span class=\"yiv7817936869ydpf8216198yiv6128887646\">repas est compris<\/span>\u00a0dans la mise \u00a0samedi midi \/ samedi soir \/ dimanche matin et dimanche midi)<\/strong><\/h3>\n<p>Vivez une <strong>exp\u00e9rience de p\u00eache \u00e0 la carpe unique sur tout un week-end<\/strong> au <strong>Domaine J\u2019ai 2 Ailes<\/strong> ! Ce concours sur 24h de p\u00eache est l\u2019occasion parfaite de partager votre passion, de tester votre endurance et de profiter d\u2019un moment convivial en pleine nature.<\/p>\n<ul>\n<li><strong>Dur\u00e9e :<\/strong> 2 jours complets de p\u00eache (du samedi 9h00 au dimanche 16h00)<\/li>\n<li><strong>Type :<\/strong> concours de p\u00eache \u00e0 la carpe en bin\u00f4me avec un remplacent possible<\/li>\n<li><strong>Cadre :<\/strong> un \u00e9tang paisible et verdoyant, propice \u00e0 la d\u00e9tente et \u00e0 la performance<\/li>\n<li><strong>Ambiance :<\/strong> esprit sportif, convivialit\u00e9 et fair-play garantis<\/li>\n<li><strong>Restauration sur place :<\/strong> repas chauds, buvette et collations disponibles tout au long du week-end<\/li>\n<\/ul>\n<p><em>Un week-end plac\u00e9 sous le signe de la passion, du partage et de la nature.<\/em><\/p>\n<h3>R\u00e9servation<\/h3>\n<p>R\u00e9servez votre place directement en ligne pour participer \u00e0 notre concours week-end.<br \/>\n<strong>Votre inscription sera confirm\u00e9e uniquement apr\u00e8s validation par le responsable du domaine.<\/strong><\/p>\n<p><strong>Attention : les places sont limit\u00e9es !<\/strong><\/p>\n","protected":false},"excerpt":{"rendered":"<h2>Concours Am\u00e9ricaine (24H avec un rempla\u00e7ant possible) \u2013 Domaine J\u2019ai 2 Ailes<\/h2>\n<p>Vivez une <strong>exp\u00e9rience de p\u00eache \u00e0 la carpe unique sur tout un week-end<\/strong> au <strong>Domaine J\u2019ai 2 Ailes<\/strong> ! Ce concours sur 24h de p\u00eache est l\u2019occasion parfaite de partager votre passion, de tester votre endurance et de profiter d\u2019un moment convivial en pleine nature.<\/p>\n","protected":false},"featured_media":140,"comment_status":"open","ping_status":"closed","template":"","meta":[],"product_brand":[],"product_cat":[23],"product_tag":[],"class_list":{"0":"post-289","1":"product","2":"type-product","3":"status-publish","4":"has-post-thumbnail","6":"product_cat-concours","8":"first","9":"instock","10":"virtual","11":"purchasable","12":"product-type-appointment"},"exclude_global_add_ons":false,"addons":[{"name":"Nom de l'am\u00e9ricain","type":"custom_text","position":0,"required":true,"title_format":"label","default":"","description_enable":false,"description":"","placeholder_enable":false,"placeholder":"","display":"select","restrictions_type":"any_text","adjust_price":false,"price":"","price_type":"flat_fee","restrictions":false,"min":"0","max":"0","options":[],"id":1762766169},{"name":"Nom du troisi\u00e8me","type":"custom_text","position":1,"required":false,"title_format":"label","default":"","description_enable":false,"description":"","placeholder_enable":false,"placeholder":"","display":"select","restrictions_type":"any_text","adjust_price":true,"price":"40","price_type":"flat_fee","restrictions":false,"min":"0","max":"0","options":[],"id":1762766170}],"_links":{"self":[{"href":"https:\/\/jai2ailes.fr\/index.php\/wp-json\/wp\/v2\/product\/289","targetHints":{"allow":["GET"]}}],"collection":[{"href":"https:\/\/jai2ailes.fr\/index.php\/wp-json\/wp\/v2\/product"}],"about":[{"href":"https:\/\/jai2ailes.fr\/index.php\/wp-json\/wp\/v2\/types\/product"}],"replies":[{"embeddable":true,"href":"https:\/\/jai2ailes.fr\/index.php\/wp-json\/wp\/v2\/comments?post=289"}],"wp:featuredmedia":[{"embeddable":true,"href":"https:\/\/jai2ailes.fr\/index.php\/wp-json\/wp\/v2\/media\/140"}],"wp:attachment":[{"href":"https:\/\/jai2ailes.fr\/index.php\/wp-json\/wp\/v2\/media?parent=289"}],"wp:term":[{"taxonomy":"product_brand","embeddable":true,"href":"https:\/\/jai2ailes.fr\/index.php\/wp-json\/wp\/v2\/product_brand?post=289"},{"taxonomy":"product_cat","embeddable":true,"href":"https:\/\/jai2ailes.fr\/index.php\/wp-json\/wp\/v2\/product_cat?post=289"},{"taxonomy":"product_tag","embeddable":true,"href":"https:\/\/jai2ailes.fr\/index.php\/wp-json\/wp\/v2\/product_tag?post=289"}],"curies":[{"name":"wp","href":"https:\/\/api.w.org\/{rel}","templated":true}]}}