{"id":260,"date":"2025-10-02T10:13:06","date_gmt":"2025-10-02T10:13:06","guid":{"rendered":"https:\/\/jai2ailes.fr\/?post_type=product&#038;p=260"},"modified":"2025-12-02T13:27:03","modified_gmt":"2025-12-02T13:27:03","slug":"location-de-letang","status":"publish","type":"product","link":"https:\/\/jai2ailes.fr\/index.php\/produit\/location-de-letang\/","title":{"rendered":"Location de l&#8217;\u00e9tang avec obligation de repas ( acc\u00e8s \u00e0 la brasserie )"},"content":{"rendered":"<h3 data-start=\"229\" data-end=\"302\">Location d\u2019\u00e9tang pour un week-end \u2013 Nature, d\u00e9tente et d\u00e9connexion<\/h3>\n<p data-start=\"304\" data-end=\"525\">Offrez-vous une parenth\u00e8se au c\u0153ur de la nature le temps d\u2019un week-end !<br data-start=\"376\" data-end=\"379\" \/>Nous vous proposons la <strong data-start=\"402\" data-end=\"441\">location exclusive d\u2019un \u00e9tang priv\u00e9<\/strong>, id\u00e9al pour un s\u00e9jour en toute tranquillit\u00e9, entre amis, en famille ou en amoureux.<\/p>\n<p data-start=\"527\" data-end=\"853\">Profitez d\u2019un cadre paisible et verdoyant pour vous ressourcer :<br data-start=\"591\" data-end=\"594\" \/>\ud83c\udf33 Espace naturel pr\u00e9serv\u00e9<br data-start=\"620\" data-end=\"623\" \/>\ud83c\udfa3 Possibilit\u00e9 de p\u00eache (no kill ou autres modalit\u00e9s \u00e0 d\u00e9finir)<br data-start=\"780\" data-end=\"783\" \/>\ud83d\udebf Acc\u00e8s \u00e0 des sanitaires \/ commodit\u00e9s<\/p>\n<p data-start=\"855\" data-end=\"1010\">Que ce soit pour un week-end de p\u00eache ou simplement une escapade au vert, notre \u00e9tang vous offre une bulle de calme et de libert\u00e9.<\/p>\n<p data-start=\"855\" data-end=\"1010\">\n","protected":false},"excerpt":{"rendered":"<h2>Location de l\u2019\u00e9tang avec obligation de repas ( acc\u00e8s \u00e0 la brasserie ) pour un week-end ou une journ\u00e9e<\/h2>\n<p>Privatisez notre <strong>\u00e9tang entier<\/strong> pour un week-end en famille ou entre amis. Profitez d\u2019un cadre apaisant, riche en carpes et autres poissons, pour un s\u00e9jour inoubliable au c\u0153ur de la nature.<\/p>\n","protected":false},"featured_media":139,"comment_status":"open","ping_status":"closed","template":"","meta":[],"product_brand":[],"product_cat":[21],"product_tag":[],"class_list":{"0":"post-260","1":"product","2":"type-product","3":"status-publish","4":"has-post-thumbnail","6":"product_cat-location-etang","8":"first","9":"instock","10":"virtual","11":"purchasable","12":"product-type-appointment"},"exclude_global_add_ons":false,"addons":[{"name":"Location \u00e9tang","type":"checkbox","position":0,"required":false,"title_format":"label","default":"","description_enable":false,"description":"","placeholder_enable":false,"placeholder":"","display":"select","restrictions_type":"any_text","adjust_price":false,"price":"","price_type":"flat_fee","restrictions":false,"min":"0","max":"0","options":[{"label":"Location pour le weekend","price":"100","price_type":"flat_fee","image":0,"visibility":true}],"id":1761902175},{"name":"Description de la r\u00e9servation","type":"custom_textarea","position":1,"required":true,"title_format":"label","default":"","description_enable":false,"description":"","placeholder_enable":false,"placeholder":"","display":"select","restrictions_type":"any_text","adjust_price":false,"price":"","price_type":"flat_fee","restrictions":false,"min":"0","max":"0","options":[],"id":1762781230}],"_links":{"self":[{"href":"https:\/\/jai2ailes.fr\/index.php\/wp-json\/wp\/v2\/product\/260","targetHints":{"allow":["GET"]}}],"collection":[{"href":"https:\/\/jai2ailes.fr\/index.php\/wp-json\/wp\/v2\/product"}],"about":[{"href":"https:\/\/jai2ailes.fr\/index.php\/wp-json\/wp\/v2\/types\/product"}],"replies":[{"embeddable":true,"href":"https:\/\/jai2ailes.fr\/index.php\/wp-json\/wp\/v2\/comments?post=260"}],"wp:featuredmedia":[{"embeddable":true,"href":"https:\/\/jai2ailes.fr\/index.php\/wp-json\/wp\/v2\/media\/139"}],"wp:attachment":[{"href":"https:\/\/jai2ailes.fr\/index.php\/wp-json\/wp\/v2\/media?parent=260"}],"wp:term":[{"taxonomy":"product_brand","embeddable":true,"href":"https:\/\/jai2ailes.fr\/index.php\/wp-json\/wp\/v2\/product_brand?post=260"},{"taxonomy":"product_cat","embeddable":true,"href":"https:\/\/jai2ailes.fr\/index.php\/wp-json\/wp\/v2\/product_cat?post=260"},{"taxonomy":"product_tag","embeddable":true,"href":"https:\/\/jai2ailes.fr\/index.php\/wp-json\/wp\/v2\/product_tag?post=260"}],"curies":[{"name":"wp","href":"https:\/\/api.w.org\/{rel}","templated":true}]}}