{"id":85,"date":"2025-09-30T14:02:50","date_gmt":"2025-09-30T14:02:50","guid":{"rendered":"https:\/\/jai2ailes.fr\/?page_id=85"},"modified":"2025-11-10T13:25:30","modified_gmt":"2025-11-10T13:25:30","slug":"reservation-en-ligne","status":"publish","type":"page","link":"https:\/\/jai2ailes.fr\/index.php\/reservation-en-ligne\/","title":{"rendered":"R\u00e9servation en ligne"},"content":{"rendered":"\n<div class=\"wp-block-group alignfull has-global-padding is-layout-constrained wp-container-core-group-is-layout-aff63992 wp-block-group-is-layout-constrained\" style=\"margin-top:0;margin-bottom:0;padding-top:0;padding-right:var(--wp--preset--spacing--50);padding-bottom:0;padding-left:var(--wp--preset--spacing--50)\">\n<div style=\"height:var(--wp--preset--spacing--30)\" aria-hidden=\"true\" class=\"wp-block-spacer\"><\/div>\n\n\n\n<div class=\"wp-block-columns alignwide is-layout-flex wp-container-core-columns-is-layout-4935966c wp-block-columns-is-layout-flex\" style=\"padding-right:0;padding-left:0\">\n<div class=\"wp-block-column is-layout-flow wp-block-column-is-layout-flow\">\n<figure class=\"wp-block-image size-full is-style-rounded is-style-rounded--1\"><a href=\"https:\/\/jai2ailes.fr\/index.php\/produit\/ponton-1\/?date=2025-10-04\"><img loading=\"lazy\" decoding=\"async\" width=\"1280\" height=\"960\" src=\"https:\/\/jai2ailes.fr\/wp-content\/uploads\/2025\/09\/4-etang-jai-2-ailes.jpg\" alt=\"\" class=\"wp-image-100\" style=\"aspect-ratio:1;object-fit:cover\" srcset=\"https:\/\/jai2ailes.fr\/wp-content\/uploads\/2025\/09\/4-etang-jai-2-ailes.jpg 1280w, https:\/\/jai2ailes.fr\/wp-content\/uploads\/2025\/09\/4-etang-jai-2-ailes-300x225.jpg 300w, https:\/\/jai2ailes.fr\/wp-content\/uploads\/2025\/09\/4-etang-jai-2-ailes-1024x768.jpg 1024w, https:\/\/jai2ailes.fr\/wp-content\/uploads\/2025\/09\/4-etang-jai-2-ailes-768x576.jpg 768w, https:\/\/jai2ailes.fr\/wp-content\/uploads\/2025\/09\/4-etang-jai-2-ailes-600x450.jpg 600w\" sizes=\"auto, (max-width: 1280px) 100vw, 1280px\" \/><\/a><\/figure>\n\n\n\n<div class=\"wp-block-group is-vertical is-content-justification-center is-nowrap is-layout-flex wp-container-core-group-is-layout-ddbdc935 wp-block-group-is-layout-flex\" style=\"margin-top:var(--wp--preset--spacing--10);margin-bottom:var(--wp--preset--spacing--10);padding-top:0;padding-bottom:0\">\n<p class=\"has-text-color has-link-color has-medium-font-size wp-elements-5a5fb69ffe5b7ea39894db91a96eb033\" style=\"color:#82a36e\"><strong><a href=\"https:\/\/jai2ailes.fr\/index.php\/produit\/ponton-1\/?date=2025-10-04\" data-type=\"link\" data-id=\"https:\/\/jai2ailes.fr\/index.php\/produit\/ponton-1\/?date=2025-10-04\">R\u00e9servation d&#8217;un ponton<\/a><\/strong><\/p>\n\n\n\n<p class=\"has-text-align-center has-small-font-size\">Choisissez votre date, r\u00e9servez votre <strong>ponton de p\u00eache<\/strong> et installez-vous confortablement pour une journ\u00e9e de d\u00e9tente au bord de l\u2019eau.<\/p>\n<\/div>\n<\/div>\n\n\n\n<div class=\"wp-block-column is-layout-flow wp-block-column-is-layout-flow\">\n<figure class=\"wp-block-image size-full is-style-rounded is-style-rounded--2\"><a href=\"https:\/\/jai2ailes.fr\/index.php\/location-detang\/\"><img loading=\"lazy\" decoding=\"async\" width=\"1280\" height=\"720\" src=\"https:\/\/jai2ailes.fr\/wp-content\/uploads\/2025\/10\/domaine-10.jpg\" alt=\"\" class=\"wp-image-147\" style=\"aspect-ratio:1;object-fit:cover\" srcset=\"https:\/\/jai2ailes.fr\/wp-content\/uploads\/2025\/10\/domaine-10.jpg 1280w, https:\/\/jai2ailes.fr\/wp-content\/uploads\/2025\/10\/domaine-10-300x169.jpg 300w, https:\/\/jai2ailes.fr\/wp-content\/uploads\/2025\/10\/domaine-10-1024x576.jpg 1024w, https:\/\/jai2ailes.fr\/wp-content\/uploads\/2025\/10\/domaine-10-768x432.jpg 768w, https:\/\/jai2ailes.fr\/wp-content\/uploads\/2025\/10\/domaine-10-600x338.jpg 600w\" sizes=\"auto, (max-width: 1280px) 100vw, 1280px\" \/><\/a><\/figure>\n\n\n\n<div class=\"wp-block-group is-vertical is-content-justification-center is-nowrap is-layout-flex wp-container-core-group-is-layout-c75cbc45 wp-block-group-is-layout-flex\" style=\"margin-top:var(--wp--preset--spacing--10);margin-bottom:var(--wp--preset--spacing--10)\">\n<p class=\"has-text-align-center has-text-color has-link-color has-medium-font-size wp-elements-af11debf662d43f08576540f9b78b8ad\" style=\"color:#82a36e\"><strong><a href=\"https:\/\/jai2ailes.fr\/index.php\/location-detang\/\" data-type=\"page\" data-id=\"493\">Location de l\u2019\u00e9tang <\/a><\/strong><\/p>\n\n\n\n<p class=\"has-text-align-center has-small-font-size\">Privatisez notre <strong>\u00e9tang entier<\/strong> pour un week-end ou une journ\u00e9e en famille ou entre amis. Profitez d\u2019un cadre apaisant, riche en carpes et autres poissons, pour un s\u00e9jour inoubliable au c\u0153ur de la nature.<\/p>\n<\/div>\n<\/div>\n\n\n\n<div class=\"wp-block-column is-layout-flow wp-block-column-is-layout-flow\">\n<figure class=\"wp-block-image size-full is-style-rounded is-style-rounded--3\"><a href=\"https:\/\/jai2ailes.fr\/index.php\/les-concours\/\"><img loading=\"lazy\" decoding=\"async\" width=\"1280\" height=\"720\" src=\"https:\/\/jai2ailes.fr\/wp-content\/uploads\/2025\/09\/domaine-6.jpg\" alt=\"\" class=\"wp-image-101\" style=\"aspect-ratio:1;object-fit:cover\" srcset=\"https:\/\/jai2ailes.fr\/wp-content\/uploads\/2025\/09\/domaine-6.jpg 1280w, https:\/\/jai2ailes.fr\/wp-content\/uploads\/2025\/09\/domaine-6-300x169.jpg 300w, https:\/\/jai2ailes.fr\/wp-content\/uploads\/2025\/09\/domaine-6-1024x576.jpg 1024w, https:\/\/jai2ailes.fr\/wp-content\/uploads\/2025\/09\/domaine-6-768x432.jpg 768w, https:\/\/jai2ailes.fr\/wp-content\/uploads\/2025\/09\/domaine-6-600x338.jpg 600w\" sizes=\"auto, (max-width: 1280px) 100vw, 1280px\" \/><\/a><\/figure>\n\n\n\n<div class=\"wp-block-group is-vertical is-content-justification-center is-nowrap is-layout-flex wp-container-core-group-is-layout-c75cbc45 wp-block-group-is-layout-flex\" style=\"margin-top:var(--wp--preset--spacing--10);margin-bottom:var(--wp--preset--spacing--10)\">\n<p class=\"has-text-align-center has-text-color has-link-color wp-elements-3d075666eebd050f0558b8a9b8c65577\" style=\"color:#82a36e\"><strong><a href=\"https:\/\/jai2ailes.fr\/index.php\/les-concours\/\" data-type=\"page\" data-id=\"195\">Inscription au concours de p\u00eache<\/a><\/strong><\/p>\n\n\n\n<p class=\"has-text-align-center has-small-font-size\">Participez \u00e0 nos <strong>concours de p\u00eache \u00e0 la carpe<\/strong>. L\u2019inscription en ligne vous garantit une place lors de nos comp\u00e9titions conviviales et sportives. D\u00e9butants et confirm\u00e9s sont les bienvenus !<\/p>\n<\/div>\n<\/div>\n\n\n\n<div class=\"wp-block-column is-layout-flow wp-block-column-is-layout-flow\">\n<figure class=\"wp-block-image size-full is-style-rounded is-style-rounded--4\"><a href=\"https:\/\/jai2ailes.fr\/index.php\/evenements-et-groupes\/\"><img loading=\"lazy\" decoding=\"async\" width=\"1280\" height=\"960\" src=\"https:\/\/jai2ailes.fr\/wp-content\/uploads\/2025\/10\/trophe.jpg\" alt=\"\" class=\"wp-image-184\" style=\"aspect-ratio:1;object-fit:cover\" srcset=\"https:\/\/jai2ailes.fr\/wp-content\/uploads\/2025\/10\/trophe.jpg 1280w, https:\/\/jai2ailes.fr\/wp-content\/uploads\/2025\/10\/trophe-300x225.jpg 300w, https:\/\/jai2ailes.fr\/wp-content\/uploads\/2025\/10\/trophe-1024x768.jpg 1024w, https:\/\/jai2ailes.fr\/wp-content\/uploads\/2025\/10\/trophe-768x576.jpg 768w, https:\/\/jai2ailes.fr\/wp-content\/uploads\/2025\/10\/trophe-600x450.jpg 600w\" sizes=\"auto, (max-width: 1280px) 100vw, 1280px\" \/><\/a><\/figure>\n\n\n\n<div class=\"wp-block-group is-vertical is-content-justification-center is-nowrap is-layout-flex wp-container-core-group-is-layout-5d2db178 wp-block-group-is-layout-flex\" style=\"margin-top:var(--wp--preset--spacing--10);margin-bottom:var(--wp--preset--spacing--10)\">\n<p class=\"has-text-align-center has-text-color has-link-color has-medium-font-size wp-elements-56e5f3286618e0387a35379161fb6b16\" style=\"color:#82a36e\"><strong><a href=\"https:\/\/jai2ailes.fr\/index.php\/evenements-et-groupes\/\" data-type=\"page\" data-id=\"299\">\u00c9v\u00e9nements et groupes<\/a><\/strong><\/p>\n\n\n\n<p class=\"has-text-align-center has-small-font-size\">Le <strong>Domaine J\u2019ai 2 Ailes<\/strong> accueille \u00e9galement vos <strong>\u00e9v\u00e9nements d\u2019entreprise<\/strong>. Offrez \u00e0 vos collaborateurs une exp\u00e9rience originale alliant nature, convivialit\u00e9 et d\u00e9tente. Notre \u00e9quipe vous accompagne pour organiser une journ\u00e9e sur mesure adapt\u00e9e \u00e0 vos besoins.<\/p>\n<\/div>\n<\/div>\n<\/div>\n<\/div>\n\n\n\n<div class=\"wp-block-group alignfull has-global-padding is-layout-constrained wp-container-core-group-is-layout-32a46761 wp-block-group-is-layout-constrained\" style=\"margin-top:0;margin-bottom:0;padding-top:var(--wp--preset--spacing--40);padding-right:var(--wp--preset--spacing--50);padding-bottom:var(--wp--preset--spacing--40);padding-left:var(--wp--preset--spacing--50)\">\n<div class=\"wp-block-columns alignwide are-vertically-aligned-center is-layout-flex wp-container-core-columns-is-layout-47c06fe3 wp-block-columns-is-layout-flex\">\n<div class=\"wp-block-column is-vertically-aligned-center is-layout-flow wp-block-column-is-layout-flow\" style=\"flex-basis:50%\">\n<h2 class=\"wp-block-heading\">R\u00e9servez en ligne votre exp\u00e9rience au Domaine J\u2019ai 2 Ailes<\/h2>\n\n\n\n<ul style=\"line-height:1.75\" class=\"wp-block-list is-style-checkmark-list\">\n<li>R\u00e9servez en ligne et vivez l\u2019exp\u00e9rience unique du Domaine J\u2019ai 2 Ailes<\/li>\n\n\n\n<li>En 3 clics, votre place au bord de l\u2019eau est garantie.<\/li>\n\n\n\n<li>Concours, location de ponton ou \u00e9v\u00e9nements : tout se r\u00e9serve directement en ligne.<\/li>\n<\/ul>\n<\/div>\n\n\n\n<div class=\"wp-block-column is-vertically-aligned-center is-layout-flow wp-block-column-is-layout-flow\" style=\"flex-basis:50%\">\n<figure class=\"wp-block-image size-full is-resized is-style-rounded is-style-rounded--5\"><img loading=\"lazy\" decoding=\"async\" width=\"1280\" height=\"720\" src=\"https:\/\/jai2ailes.fr\/wp-content\/uploads\/2025\/10\/domaine-26.jpg\" alt=\"\" class=\"wp-image-164\" style=\"aspect-ratio:1.3333333333333333;object-fit:cover;width:587px;height:auto\" srcset=\"https:\/\/jai2ailes.fr\/wp-content\/uploads\/2025\/10\/domaine-26.jpg 1280w, https:\/\/jai2ailes.fr\/wp-content\/uploads\/2025\/10\/domaine-26-300x169.jpg 300w, https:\/\/jai2ailes.fr\/wp-content\/uploads\/2025\/10\/domaine-26-1024x576.jpg 1024w, https:\/\/jai2ailes.fr\/wp-content\/uploads\/2025\/10\/domaine-26-768x432.jpg 768w, https:\/\/jai2ailes.fr\/wp-content\/uploads\/2025\/10\/domaine-26-600x338.jpg 600w\" sizes=\"auto, (max-width: 1280px) 100vw, 1280px\" \/><\/figure>\n<\/div>\n<\/div>\n<\/div>\n\n\n\n<div class=\"wp-block-group alignfull has-base-color has-text-color has-background has-link-color wp-elements-b6cfa62522c224fddb6530cd835ecbd4 has-global-padding is-layout-constrained wp-container-core-group-is-layout-d89aad35 wp-block-group-is-layout-constrained\" style=\"background-color:#82a36e;margin-top:0;margin-bottom:0;padding-top:var(--wp--preset--spacing--50);padding-right:var(--wp--preset--spacing--50);padding-bottom:var(--wp--preset--spacing--50);padding-left:var(--wp--preset--spacing--50)\">\n<h2 class=\"wp-block-heading has-base-2-color has-text-color has-link-color wp-elements-4f8587080204886703e244821b4b2906\">FAQ \u2013 R\u00e9servation en ligne<\/h2>\n\n\n\n<div class=\"wp-block-group alignwide has-global-padding is-layout-constrained wp-block-group-is-layout-constrained\">\n<div class=\"faq-simple\">\n  <details>\n    <summary>Comment puis-je r\u00e9server en ligne ?<\/summary>\n    <p>Rendez-vous sur notre page de r\u00e9servation, choisissez entre la location d\u2019un ponton, de l\u2019\u00e9tang, la participation \u00e0 un concours ou la privatisation pour un \u00e9v\u00e9nement CSE, puis validez votre demande.<\/p>\n  <\/details>\n\n  <details>\n    <summary>Ma r\u00e9servation est-elle confirm\u00e9e imm\u00e9diatement ?<\/summary>\n    <p>Non. Chaque r\u00e9servation est <strong>soumise \u00e0 validation par le responsable<\/strong>. Vous recevrez un e-mail de confirmation une fois valid\u00e9e.<\/p>\n  <\/details>\n\n  <details>\n    <summary>Combien de temps faut-il pour recevoir la confirmation ?<\/summary>\n    <p>En g\u00e9n\u00e9ral, les validations sont effectu\u00e9es sous 24 \u00e0 48 heures maximum.<\/p>\n  <\/details>\n\n  <details>\n    <summary>Dois-je payer en ligne lors de la r\u00e9servation ?<\/summary>\n    <p>Non, le paiement se fait uniquement apr\u00e8s confirmation de votre r\u00e9servation.<\/p>\n  <\/details>\n\n  <details>\n    <summary>Puis-je modifier ou annuler ma r\u00e9servation ?<\/summary>\n    <p>Oui, il suffit de vous rendre sur votre compte pour toute modification ou annulation afin de lib\u00e9rer la place pour un autre p\u00eacheur.<\/p>\n  <\/details>\n<\/div>\n\n<style>\n.faq-simple details {\n  margin-bottom: 10px;\n  padding: 10px;\n  border: 1px solid #ccc;\n  border-radius: 6px;\n  background: #fff;\n  color: #000;\n}\n.faq-simple summary {\n  font-weight: bold;\n  cursor: pointer;\n  font-size: 16px;\n}\n.faq-simple p {\n  margin-top: 8px;\n}\n<\/style>\n<\/div>\n<\/div>\n\n\n\n<p><\/p>\n","protected":false},"excerpt":{"rendered":"<p>R\u00e9servation d&#8217;un ponton Choisissez votre date, r\u00e9servez votre ponton de p\u00eache et installez-vous confortablement pour une journ\u00e9e de d\u00e9tente au bord de l\u2019eau. Location de l\u2019\u00e9tang Privatisez notre \u00e9tang entier pour un week-end ou une journ\u00e9e en famille ou entre amis. Profitez d\u2019un cadre apaisant, riche en carpes et autres poissons, pour un s\u00e9jour inoubliable [&hellip;]<\/p>\n","protected":false},"author":1,"featured_media":0,"parent":0,"menu_order":0,"comment_status":"closed","ping_status":"closed","template":"","meta":{"footnotes":""},"class_list":["post-85","page","type-page","status-publish","hentry"],"_links":{"self":[{"href":"https:\/\/jai2ailes.fr\/index.php\/wp-json\/wp\/v2\/pages\/85","targetHints":{"allow":["GET"]}}],"collection":[{"href":"https:\/\/jai2ailes.fr\/index.php\/wp-json\/wp\/v2\/pages"}],"about":[{"href":"https:\/\/jai2ailes.fr\/index.php\/wp-json\/wp\/v2\/types\/page"}],"author":[{"embeddable":true,"href":"https:\/\/jai2ailes.fr\/index.php\/wp-json\/wp\/v2\/users\/1"}],"replies":[{"embeddable":true,"href":"https:\/\/jai2ailes.fr\/index.php\/wp-json\/wp\/v2\/comments?post=85"}],"version-history":[{"count":25,"href":"https:\/\/jai2ailes.fr\/index.php\/wp-json\/wp\/v2\/pages\/85\/revisions"}],"predecessor-version":[{"id":495,"href":"https:\/\/jai2ailes.fr\/index.php\/wp-json\/wp\/v2\/pages\/85\/revisions\/495"}],"wp:attachment":[{"href":"https:\/\/jai2ailes.fr\/index.php\/wp-json\/wp\/v2\/media?parent=85"}],"curies":[{"name":"wp","href":"https:\/\/api.w.org\/{rel}","templated":true}]}}