{"id":318,"date":"2025-10-15T07:49:21","date_gmt":"2025-10-15T07:49:21","guid":{"rendered":"https:\/\/jai2ailes.fr\/?page_id=318"},"modified":"2025-12-02T13:30:49","modified_gmt":"2025-12-02T13:30:49","slug":"restauration","status":"publish","type":"page","link":"https:\/\/jai2ailes.fr\/index.php\/restauration\/","title":{"rendered":"Restauration"},"content":{"rendered":"\n<div class=\"wp-block-group alignfull has-global-padding is-layout-constrained wp-container-core-group-is-layout-2df14bad wp-block-group-is-layout-constrained\" style=\"margin-top:0;margin-bottom:0;padding-top:var(--wp--preset--spacing--10);padding-right:var(--wp--preset--spacing--50);padding-bottom:var(--wp--preset--spacing--10);padding-left:var(--wp--preset--spacing--50)\">\n<div class=\"wp-block-columns alignwide are-vertically-aligned-center is-layout-flex wp-container-core-columns-is-layout-47c06fe3 wp-block-columns-is-layout-flex\">\n<div class=\"wp-block-column is-vertically-aligned-center is-layout-flow wp-block-column-is-layout-flow\" style=\"flex-basis:50%\">\n<h2 class=\"wp-block-heading\">Nos Menus et Boissons.<\/h2>\n\n\n\n<ul style=\"line-height:1.75\" class=\"wp-block-list is-style-checkmark-list\">\n<li><strong>Des menus pour tous les go\u00fbts<\/strong><br>Que vous soyez amateur de plats traditionnels, v\u00e9g\u00e9tariens ou \u00e0 la recherche de nouvelles saveurs, nos menus sont con\u00e7us pour satisfaire toutes les envies, du d\u00e9jeuner l\u00e9ger au d\u00eener gourmand.<\/li>\n\n\n\n<li><strong>Des boissons soigneusement s\u00e9lectionn\u00e9es<\/strong><br>Vins, cocktails maison, jus frais ou boissons chaudes : notre carte des boissons accompagne parfaitement chaque plat, pour une exp\u00e9rience gustative compl\u00e8te.<\/li>\n\n\n\n<li><strong>Qualit\u00e9, fra\u00eecheur et saisonnalit\u00e9<\/strong><br>Nos plats et boissons sont pr\u00e9par\u00e9s \u00e0 partir d\u2019ingr\u00e9dients frais, locaux et de saison, pour garantir saveur et qualit\u00e9 \u00e0 chaque bouch\u00e9e et chaque gorg\u00e9e.<\/li>\n<\/ul>\n\n\n\n<div class=\"wp-block-file aligncenter has-base-background-color has-background\"><a id=\"wp-block-file--media-309da117-4f59-4409-b48b-9a0f28c26d0e\" href=\"https:\/\/jai2ailes.fr\/wp-content\/uploads\/2025\/11\/menu-2025.pdf\" target=\"_blank\" rel=\"noreferrer noopener\">menu 2025<\/a><a href=\"https:\/\/jai2ailes.fr\/wp-content\/uploads\/2025\/11\/menu-2025.pdf\" class=\"wp-block-file__button wp-element-button\" download aria-describedby=\"wp-block-file--media-309da117-4f59-4409-b48b-9a0f28c26d0e\">T\u00e9l\u00e9charger<\/a><\/div>\n<\/div>\n\n\n\n<div class=\"wp-block-column is-vertically-aligned-center is-layout-flow wp-block-column-is-layout-flow\" style=\"flex-basis:50%\">\n<figure class=\"wp-block-image size-full is-resized is-style-rounded is-style-rounded--1\"><img loading=\"lazy\" decoding=\"async\" width=\"1600\" height=\"1068\" src=\"https:\/\/jai2ailes.fr\/wp-content\/uploads\/2025\/10\/thumbnail.jpg\" alt=\"\" class=\"wp-image-367\" style=\"aspect-ratio:1.3333333333333333;object-fit:cover;width:505px;height:auto\" srcset=\"https:\/\/jai2ailes.fr\/wp-content\/uploads\/2025\/10\/thumbnail.jpg 1600w, https:\/\/jai2ailes.fr\/wp-content\/uploads\/2025\/10\/thumbnail-300x200.jpg 300w, https:\/\/jai2ailes.fr\/wp-content\/uploads\/2025\/10\/thumbnail-1024x684.jpg 1024w, https:\/\/jai2ailes.fr\/wp-content\/uploads\/2025\/10\/thumbnail-768x513.jpg 768w, https:\/\/jai2ailes.fr\/wp-content\/uploads\/2025\/10\/thumbnail-1536x1025.jpg 1536w, https:\/\/jai2ailes.fr\/wp-content\/uploads\/2025\/10\/thumbnail-600x401.jpg 600w\" sizes=\"auto, (max-width: 1600px) 100vw, 1600px\" \/><\/figure>\n<\/div>\n<\/div>\n<\/div>\n\n\n\n<div class=\"wp-block-group alignfull has-global-padding is-layout-constrained wp-container-core-group-is-layout-669513ed wp-block-group-is-layout-constrained\" style=\"margin-top:0;margin-bottom:0;padding-top:var(--wp--preset--spacing--50);padding-right:var(--wp--preset--spacing--50);padding-bottom:var(--wp--preset--spacing--50);padding-left:var(--wp--preset--spacing--50)\">\n<div class=\"wp-block-group is-vertical is-content-justification-center is-layout-flex wp-container-core-group-is-layout-ce155fab wp-block-group-is-layout-flex\">\n<h2 class=\"wp-block-heading\">Galerie de notre restauration<\/h2>\n\n\n\n<p class=\"has-text-align-center\">D\u00e9couvrez en images l\u2019univers savoureux de notre cuisine \u00e0 travers la galerie de notre restauration : des plats faits maison, une pr\u00e9sentation soign\u00e9e et l\u2019ambiance chaleureuse de notre \u00e9tablissement.<\/p>\n<\/div>\n\n\n\n<div style=\"height:var(--wp--preset--spacing--30)\" aria-hidden=\"true\" class=\"wp-block-spacer\"><\/div>\n\n\n\n<div class=\"wp-block-columns alignwide is-layout-flex wp-container-core-columns-is-layout-4935966c wp-block-columns-is-layout-flex\" style=\"padding-right:0;padding-left:0\">\n<div class=\"wp-block-column is-layout-flow wp-block-column-is-layout-flow\">\n<figure class=\"wp-block-image size-full is-style-rounded is-style-rounded--2\"><img loading=\"lazy\" decoding=\"async\" width=\"1920\" height=\"2560\" src=\"https:\/\/jai2ailes.fr\/wp-content\/uploads\/2025\/12\/cuisine-scaled.jpg\" alt=\"\" class=\"wp-image-513\" style=\"aspect-ratio:1;object-fit:cover\" srcset=\"https:\/\/jai2ailes.fr\/wp-content\/uploads\/2025\/12\/cuisine-scaled.jpg 1920w, https:\/\/jai2ailes.fr\/wp-content\/uploads\/2025\/12\/cuisine-225x300.jpg 225w, https:\/\/jai2ailes.fr\/wp-content\/uploads\/2025\/12\/cuisine-768x1024.jpg 768w, https:\/\/jai2ailes.fr\/wp-content\/uploads\/2025\/12\/cuisine-1152x1536.jpg 1152w, https:\/\/jai2ailes.fr\/wp-content\/uploads\/2025\/12\/cuisine-1536x2048.jpg 1536w, https:\/\/jai2ailes.fr\/wp-content\/uploads\/2025\/12\/cuisine-600x800.jpg 600w\" sizes=\"auto, (max-width: 1920px) 100vw, 1920px\" \/><\/figure>\n<\/div>\n\n\n\n<div class=\"wp-block-column is-layout-flow wp-block-column-is-layout-flow\">\n<figure class=\"wp-block-image size-full is-style-rounded is-style-rounded--3\"><img loading=\"lazy\" decoding=\"async\" width=\"1920\" height=\"1080\" src=\"https:\/\/jai2ailes.fr\/wp-content\/uploads\/2025\/10\/FB_IMG_1761812520995.jpg\" alt=\"\" class=\"wp-image-370\" style=\"aspect-ratio:1;object-fit:cover\" srcset=\"https:\/\/jai2ailes.fr\/wp-content\/uploads\/2025\/10\/FB_IMG_1761812520995.jpg 1920w, https:\/\/jai2ailes.fr\/wp-content\/uploads\/2025\/10\/FB_IMG_1761812520995-300x169.jpg 300w, https:\/\/jai2ailes.fr\/wp-content\/uploads\/2025\/10\/FB_IMG_1761812520995-1024x576.jpg 1024w, https:\/\/jai2ailes.fr\/wp-content\/uploads\/2025\/10\/FB_IMG_1761812520995-768x432.jpg 768w, https:\/\/jai2ailes.fr\/wp-content\/uploads\/2025\/10\/FB_IMG_1761812520995-1536x864.jpg 1536w, https:\/\/jai2ailes.fr\/wp-content\/uploads\/2025\/10\/FB_IMG_1761812520995-600x338.jpg 600w\" sizes=\"auto, (max-width: 1920px) 100vw, 1920px\" \/><\/figure>\n<\/div>\n\n\n\n<div class=\"wp-block-column is-layout-flow wp-block-column-is-layout-flow\">\n<figure class=\"wp-block-image size-full is-style-rounded is-style-rounded--4\"><img loading=\"lazy\" decoding=\"async\" width=\"2048\" height=\"1536\" src=\"https:\/\/jai2ailes.fr\/wp-content\/uploads\/2025\/10\/FB_IMG_1761812383559.jpg\" alt=\"\" class=\"wp-image-372\" style=\"aspect-ratio:1;object-fit:cover\" srcset=\"https:\/\/jai2ailes.fr\/wp-content\/uploads\/2025\/10\/FB_IMG_1761812383559.jpg 2048w, https:\/\/jai2ailes.fr\/wp-content\/uploads\/2025\/10\/FB_IMG_1761812383559-300x225.jpg 300w, https:\/\/jai2ailes.fr\/wp-content\/uploads\/2025\/10\/FB_IMG_1761812383559-1024x768.jpg 1024w, https:\/\/jai2ailes.fr\/wp-content\/uploads\/2025\/10\/FB_IMG_1761812383559-768x576.jpg 768w, https:\/\/jai2ailes.fr\/wp-content\/uploads\/2025\/10\/FB_IMG_1761812383559-1536x1152.jpg 1536w, https:\/\/jai2ailes.fr\/wp-content\/uploads\/2025\/10\/FB_IMG_1761812383559-600x450.jpg 600w\" sizes=\"auto, (max-width: 2048px) 100vw, 2048px\" \/><\/figure>\n<\/div>\n\n\n\n<div class=\"wp-block-column is-layout-flow wp-block-column-is-layout-flow\">\n<figure class=\"wp-block-image size-full is-style-rounded is-style-rounded--5\"><img loading=\"lazy\" decoding=\"async\" width=\"1536\" height=\"2048\" src=\"https:\/\/jai2ailes.fr\/wp-content\/uploads\/2025\/10\/FB_IMG_1761812433961.jpg\" alt=\"\" class=\"wp-image-373\" style=\"aspect-ratio:1;object-fit:cover\" srcset=\"https:\/\/jai2ailes.fr\/wp-content\/uploads\/2025\/10\/FB_IMG_1761812433961.jpg 1536w, https:\/\/jai2ailes.fr\/wp-content\/uploads\/2025\/10\/FB_IMG_1761812433961-225x300.jpg 225w, https:\/\/jai2ailes.fr\/wp-content\/uploads\/2025\/10\/FB_IMG_1761812433961-768x1024.jpg 768w, https:\/\/jai2ailes.fr\/wp-content\/uploads\/2025\/10\/FB_IMG_1761812433961-1152x1536.jpg 1152w, https:\/\/jai2ailes.fr\/wp-content\/uploads\/2025\/10\/FB_IMG_1761812433961-600x800.jpg 600w\" sizes=\"auto, (max-width: 1536px) 100vw, 1536px\" \/><\/figure>\n<\/div>\n<\/div>\n<\/div>\n\n\n\n<div class=\"wp-block-group alignwide has-global-padding is-layout-constrained wp-block-group-is-layout-constrained\">\n<div class=\"wp-block-buttons is-layout-flex wp-block-buttons-is-layout-flex\">\n<div class=\"wp-block-button\"><a class=\"wp-block-button__link wp-element-button\" href=\"https:\/\/jai2ailes.fr\">Accueil<\/a><\/div>\n\n\n\n<div class=\"wp-block-button\"><a class=\"wp-block-button__link wp-element-button\" href=\"https:\/\/jai2ailes.fr\/index.php\/reservation-en-ligne\/\">R\u00e9servation en ligne<\/a><\/div>\n\n\n\n<div class=\"wp-block-button\"><a class=\"wp-block-button__link wp-element-button\" href=\"https:\/\/jai2ailes.fr\/index.php\/le-domaine\/\">Le Domaine<\/a><\/div>\n\n\n\n<div class=\"wp-block-button\"><a class=\"wp-block-button__link wp-element-button\" href=\"http:\/\/Contact\">Contact<\/a><\/div>\n<\/div>\n<\/div>\n\n\n\n<p><\/p>\n","protected":false},"excerpt":{"rendered":"<p>Nos Menus et Boissons. Galerie de notre restauration D\u00e9couvrez en images l\u2019univers savoureux de notre cuisine \u00e0 travers la galerie de notre restauration : des plats faits maison, une pr\u00e9sentation soign\u00e9e et l\u2019ambiance chaleureuse de notre \u00e9tablissement.<\/p>\n","protected":false},"author":2,"featured_media":0,"parent":0,"menu_order":0,"comment_status":"closed","ping_status":"closed","template":"","meta":{"footnotes":""},"class_list":["post-318","page","type-page","status-publish","hentry"],"_links":{"self":[{"href":"https:\/\/jai2ailes.fr\/index.php\/wp-json\/wp\/v2\/pages\/318","targetHints":{"allow":["GET"]}}],"collection":[{"href":"https:\/\/jai2ailes.fr\/index.php\/wp-json\/wp\/v2\/pages"}],"about":[{"href":"https:\/\/jai2ailes.fr\/index.php\/wp-json\/wp\/v2\/types\/page"}],"author":[{"embeddable":true,"href":"https:\/\/jai2ailes.fr\/index.php\/wp-json\/wp\/v2\/users\/2"}],"replies":[{"embeddable":true,"href":"https:\/\/jai2ailes.fr\/index.php\/wp-json\/wp\/v2\/comments?post=318"}],"version-history":[{"count":13,"href":"https:\/\/jai2ailes.fr\/index.php\/wp-json\/wp\/v2\/pages\/318\/revisions"}],"predecessor-version":[{"id":514,"href":"https:\/\/jai2ailes.fr\/index.php\/wp-json\/wp\/v2\/pages\/318\/revisions\/514"}],"wp:attachment":[{"href":"https:\/\/jai2ailes.fr\/index.php\/wp-json\/wp\/v2\/media?parent=318"}],"curies":[{"name":"wp","href":"https:\/\/api.w.org\/{rel}","templated":true}]}}