{"id":299,"date":"2025-10-06T07:38:58","date_gmt":"2025-10-06T07:38:58","guid":{"rendered":"https:\/\/jai2ailes.fr\/?page_id=299"},"modified":"2025-10-06T07:38:58","modified_gmt":"2025-10-06T07:38:58","slug":"evenements-et-groupes","status":"publish","type":"page","link":"https:\/\/jai2ailes.fr\/index.php\/evenements-et-groupes\/","title":{"rendered":"Ev\u00e8nements et groupes"},"content":{"rendered":"\n<div class=\"wp-block-group alignwide has-global-padding is-layout-constrained wp-block-group-is-layout-constrained\">\n<div class=\"wp-block-columns alignwide is-layout-flex wp-container-core-columns-is-layout-28f84493 wp-block-columns-is-layout-flex\">\n<div class=\"wp-block-column is-layout-flow wp-block-column-is-layout-flow\">\n<p><\/p>\n\n\n\n<h1 class=\"wp-block-heading\"><strong>Un lieu unique pour vos \u00e9v\u00e9nements d\u2019entreprise<\/strong><\/h1>\n\n\n\n<p>Le <strong>Domaine J\u2019ai 2 Ailes<\/strong> vous accueille dans un cadre verdoyant et apaisant, id\u00e9al pour vos <strong>\u00e9v\u00e9nements professionnels, s\u00e9minaires, journ\u00e9es CSE ou team building<\/strong>.<br>Offrez \u00e0 vos collaborateurs une <strong>exp\u00e9rience originale<\/strong>, m\u00ealant <strong>nature, convivialit\u00e9 et d\u00e9tente<\/strong> autour de la p\u00eache \u00e0 la carpe et d\u2019activit\u00e9s en plein air.<\/p>\n\n\n\n<hr class=\"wp-block-separator has-alpha-channel-opacity\"\/>\n\n\n\n<h2 class=\"wp-block-heading\"><strong>Des prestations sur mesure<\/strong><\/h2>\n\n\n\n<p>Nous mettons \u00e0 votre disposition :<\/p>\n\n\n\n<ul class=\"wp-block-list\">\n<li>La <strong>privatisation du domaine<\/strong> pour la journ\u00e9e ou le week-end ;<\/li>\n\n\n\n<li>Des <strong>ponton(s)<\/strong> \u00e9quip\u00e9s pour vos groupes ;<\/li>\n\n\n\n<li>La possibilit\u00e9 d\u2019organiser un <strong>concours de p\u00eache amical ou professionnel<\/strong> ;<\/li>\n\n\n\n<li>Un espace d\u00e9di\u00e9 \u00e0 la <strong>restauration<\/strong> pendant vos \u00e9v\u00e9nements ;<\/li>\n\n\n\n<li>Une <strong>organisation personnalis\u00e9e<\/strong> selon vos besoins (repas, pauses, animations\u2026).<\/li>\n<\/ul>\n\n\n\n<p>Notre \u00e9quipe vous accompagne pour <strong>concevoir un programme sur mesure<\/strong> qui r\u00e9pond \u00e0 vos attentes et \u00e0 celles de vos collaborateurs.<\/p>\n\n\n\n<hr class=\"wp-block-separator has-alpha-channel-opacity\"\/>\n\n\n\n<h2 class=\"wp-block-heading\"><strong>Un cadre id\u00e9al pour f\u00e9d\u00e9rer vos \u00e9quipes<\/strong><\/h2>\n\n\n\n<p>Venez profiter d\u2019un environnement naturel et paisible, propice \u00e0 la <strong>coh\u00e9sion de groupe<\/strong> et \u00e0 la <strong>d\u00e9tente<\/strong>.<br>Que ce soit pour une journ\u00e9e conviviale entre coll\u00e8gues ou un week-end complet, le <strong>Domaine J\u2019ai 2 Ailes<\/strong> est le lieu parfait pour <strong>vivre un moment diff\u00e9rent, loin du stress du quotidien.<\/strong><\/p>\n\n\n\n<hr class=\"wp-block-separator has-alpha-channel-opacity\"\/>\n\n\n\n<h2 class=\"wp-block-heading\"><strong>R\u00e9servation et contact<\/strong><\/h2>\n\n\n\n<p>Pour toute demande d\u2019informations ou pour organiser votre \u00e9v\u00e9nement d\u2019entreprise, merci de <strong>passer par notre <\/strong><a href=\"https:\/\/jai2ailes.fr\/index.php\/contact\/\" data-type=\"page\" data-id=\"87\"><strong>formulaire de contact<\/strong>.<\/a><br>Notre \u00e9quipe vous r\u00e9pondra rapidement afin de vous proposer une <strong>offre personnalis\u00e9e<\/strong> et confirmer la <strong>disponibilit\u00e9 du domaine<\/strong> \u00e0 la date souhait\u00e9e.<\/p>\n<\/div>\n<\/div>\n<\/div>\n\n\n\n<div style=\"height:79px\" aria-hidden=\"true\" class=\"wp-block-spacer\"><\/div>\n\n\n\n<div class=\"wp-block-buttons alignwide is-content-justification-center is-layout-flex wp-container-core-buttons-is-layout-a89b3969 wp-block-buttons-is-layout-flex\">\n<div class=\"wp-block-button\"><a class=\"wp-block-button__link wp-element-button\" href=\"http:\/\/jai2ailes.fr\">Accueil<\/a><\/div>\n\n\n\n<div class=\"wp-block-button\"><a class=\"wp-block-button__link wp-element-button\" href=\"https:\/\/jai2ailes.fr\/index.php\/reservation-en-ligne\/\">R\u00e9servation en ligne<\/a><\/div>\n\n\n\n<div class=\"wp-block-button\"><a class=\"wp-block-button__link wp-element-button\" href=\"https:\/\/jai2ailes.fr\/index.php\/contact\/\">Contact<\/a><\/div>\n<\/div>\n\n\n\n<p><\/p>\n","protected":false},"excerpt":{"rendered":"<p>Un lieu unique pour vos \u00e9v\u00e9nements d\u2019entreprise Le Domaine J\u2019ai 2 Ailes vous accueille dans un cadre verdoyant et apaisant, id\u00e9al pour vos \u00e9v\u00e9nements professionnels, s\u00e9minaires, journ\u00e9es CSE ou team building.Offrez \u00e0 vos collaborateurs une exp\u00e9rience originale, m\u00ealant nature, convivialit\u00e9 et d\u00e9tente autour de la p\u00eache \u00e0 la carpe et d\u2019activit\u00e9s en plein air. Des [&hellip;]<\/p>\n","protected":false},"author":1,"featured_media":0,"parent":0,"menu_order":0,"comment_status":"closed","ping_status":"closed","template":"","meta":{"footnotes":""},"class_list":["post-299","page","type-page","status-publish","hentry"],"_links":{"self":[{"href":"https:\/\/jai2ailes.fr\/index.php\/wp-json\/wp\/v2\/pages\/299","targetHints":{"allow":["GET"]}}],"collection":[{"href":"https:\/\/jai2ailes.fr\/index.php\/wp-json\/wp\/v2\/pages"}],"about":[{"href":"https:\/\/jai2ailes.fr\/index.php\/wp-json\/wp\/v2\/types\/page"}],"author":[{"embeddable":true,"href":"https:\/\/jai2ailes.fr\/index.php\/wp-json\/wp\/v2\/users\/1"}],"replies":[{"embeddable":true,"href":"https:\/\/jai2ailes.fr\/index.php\/wp-json\/wp\/v2\/comments?post=299"}],"version-history":[{"count":1,"href":"https:\/\/jai2ailes.fr\/index.php\/wp-json\/wp\/v2\/pages\/299\/revisions"}],"predecessor-version":[{"id":300,"href":"https:\/\/jai2ailes.fr\/index.php\/wp-json\/wp\/v2\/pages\/299\/revisions\/300"}],"wp:attachment":[{"href":"https:\/\/jai2ailes.fr\/index.php\/wp-json\/wp\/v2\/media?parent=299"}],"curies":[{"name":"wp","href":"https:\/\/api.w.org\/{rel}","templated":true}]}}