{"id":2,"date":"2025-07-29T12:06:23","date_gmt":"2025-07-29T12:06:23","guid":{"rendered":"http:\/\/jai2ailes.fr\/?page_id=2"},"modified":"2025-10-29T09:03:33","modified_gmt":"2025-10-29T09:03:33","slug":"le-domaine","status":"publish","type":"page","link":"https:\/\/jai2ailes.fr\/index.php\/le-domaine\/","title":{"rendered":"Le Domaine"},"content":{"rendered":"\n<div class=\"wp-block-group alignwide has-base-2-background-color has-background has-global-padding is-layout-constrained wp-block-group-is-layout-constrained\">\n<div class=\"wp-block-columns alignwide is-layout-flex wp-container-core-columns-is-layout-d840c512 wp-block-columns-is-layout-flex\" style=\"padding-top:var(--wp--preset--spacing--30);padding-right:var(--wp--preset--spacing--20);padding-bottom:var(--wp--preset--spacing--30);padding-left:var(--wp--preset--spacing--20)\">\n<div class=\"wp-block-column is-layout-flow wp-block-column-is-layout-flow\">\n<h2 class=\"wp-block-heading has-text-color has-link-color wp-elements-1533280740b69cb75f0ab94683edb03b\" style=\"color:#82a36e\"><strong>Le Domaine J&#8217;ai 2 Ailes : Votre \u00c9vasion Nature<\/strong><\/h2>\n\n\n\n<p>Imaginez-vous au bord de l&#8217;eau, dans le calme apaisant de la nature&#8230; Bienvenue au <strong>Domaine J&#8217;ai 2 Ailes<\/strong> ! Situ\u00e9 \u00e0 <strong>Saint-Amand-les-Eaux<\/strong>, au c\u0153ur du <strong>Nord de la France<\/strong>, notre domaine est l&#8217;adresse privil\u00e9gi\u00e9e pour tous les passionn\u00e9s de <strong>p\u00eache \u00e0 la carpe<\/strong>.<\/p>\n\n\n\n<p>Notre <strong>\u00e9tang de p\u00eache<\/strong> est un v\u00e9ritable tr\u00e9sor, r\u00e9put\u00e9 pour la taille et la combativit\u00e9 de ses occupants. Que vous veniez pour quelques heures d&#8217;\u00e9vasion ou une session intensive, nous vous promettons un cadre idyllique et une exp\u00e9rience de <strong>p\u00eache<\/strong> de premi\u00e8re qualit\u00e9.<\/p>\n\n\n\n<h3 class=\"wp-block-heading has-text-color has-link-color wp-elements-b39b6baa2c9345102dee31f6cdf5a8f1\" style=\"color:#82a36e\"><strong>Vos Services C\u00f4t\u00e9 \u00c9tang :<\/strong><\/h3>\n\n\n\n<ul class=\"wp-block-list\">\n<li><strong>Location de ponton \u00e0 la journ\u00e9e<\/strong> : Installez-vous confortablement sur votre poste privatif pour maximiser vos chances de capture.<\/li>\n\n\n\n<li><strong>Concours de p\u00eache<\/strong> : Mettez votre talent \u00e0 l&#8217;\u00e9preuve lors de nos \u00e9v\u00e9nements r\u00e9guliers. Ambiance conviviale garantie !<\/li>\n\n\n\n<li><strong>Privatisation de l&#8217;\u00e9tang<\/strong> : Offrez-vous un \u00e9v\u00e9nement inoubliable ! R\u00e9servez l&#8217;int\u00e9gralit\u00e9 du domaine pour une <strong>journ\u00e9e<\/strong> ou un <strong>weekend<\/strong> (id\u00e9al pour les CE, les clubs ou les grands rassemblements entre amis).<\/li>\n<\/ul>\n<\/div>\n<\/div>\n<\/div>\n\n\n\n<div class=\"wp-block-group alignwide has-base-2-background-color has-background is-nowrap is-layout-flex wp-container-core-group-is-layout-b55f4706 wp-block-group-is-layout-flex\" style=\"margin-top:0;margin-bottom:0;padding-top:var(--wp--preset--spacing--20);padding-bottom:var(--wp--preset--spacing--20)\">\n<figure class=\"wp-block-gallery alignwide has-nested-images columns-3 is-cropped wp-block-gallery-1 is-layout-flex wp-block-gallery-is-layout-flex\">\n<figure class=\"wp-block-image size-full\"><img loading=\"lazy\" decoding=\"async\" width=\"1280\" height=\"720\" data-id=\"74\" src=\"https:\/\/jai2ailes.fr\/wp-content\/uploads\/2025\/09\/domaine-26.jpg\" alt=\"\" class=\"wp-image-74\" srcset=\"https:\/\/jai2ailes.fr\/wp-content\/uploads\/2025\/09\/domaine-26.jpg 1280w, https:\/\/jai2ailes.fr\/wp-content\/uploads\/2025\/09\/domaine-26-600x338.jpg 600w, https:\/\/jai2ailes.fr\/wp-content\/uploads\/2025\/09\/domaine-26-300x169.jpg 300w, https:\/\/jai2ailes.fr\/wp-content\/uploads\/2025\/09\/domaine-26-1024x576.jpg 1024w, https:\/\/jai2ailes.fr\/wp-content\/uploads\/2025\/09\/domaine-26-768x432.jpg 768w\" sizes=\"auto, (max-width: 1280px) 100vw, 1280px\" \/><\/figure>\n\n\n\n<figure class=\"wp-block-image size-full\"><img loading=\"lazy\" decoding=\"async\" width=\"1280\" height=\"720\" data-id=\"101\" src=\"https:\/\/jai2ailes.fr\/wp-content\/uploads\/2025\/09\/domaine-6.jpg\" alt=\"\" class=\"wp-image-101\" srcset=\"https:\/\/jai2ailes.fr\/wp-content\/uploads\/2025\/09\/domaine-6.jpg 1280w, https:\/\/jai2ailes.fr\/wp-content\/uploads\/2025\/09\/domaine-6-300x169.jpg 300w, https:\/\/jai2ailes.fr\/wp-content\/uploads\/2025\/09\/domaine-6-1024x576.jpg 1024w, https:\/\/jai2ailes.fr\/wp-content\/uploads\/2025\/09\/domaine-6-768x432.jpg 768w, https:\/\/jai2ailes.fr\/wp-content\/uploads\/2025\/09\/domaine-6-600x338.jpg 600w\" sizes=\"auto, (max-width: 1280px) 100vw, 1280px\" \/><\/figure>\n\n\n\n<figure class=\"wp-block-image size-full\"><img loading=\"lazy\" decoding=\"async\" width=\"1280\" height=\"1707\" data-id=\"95\" src=\"https:\/\/jai2ailes.fr\/wp-content\/uploads\/2025\/09\/poisson-5.jpg\" alt=\"\" class=\"wp-image-95\" srcset=\"https:\/\/jai2ailes.fr\/wp-content\/uploads\/2025\/09\/poisson-5.jpg 1280w, https:\/\/jai2ailes.fr\/wp-content\/uploads\/2025\/09\/poisson-5-225x300.jpg 225w, https:\/\/jai2ailes.fr\/wp-content\/uploads\/2025\/09\/poisson-5-768x1024.jpg 768w, https:\/\/jai2ailes.fr\/wp-content\/uploads\/2025\/09\/poisson-5-1152x1536.jpg 1152w, https:\/\/jai2ailes.fr\/wp-content\/uploads\/2025\/09\/poisson-5-600x800.jpg 600w\" sizes=\"auto, (max-width: 1280px) 100vw, 1280px\" \/><\/figure>\n<\/figure>\n<\/div>\n\n\n\n<div class=\"wp-block-group alignwide has-base-2-background-color has-background is-nowrap is-layout-flex wp-container-core-group-is-layout-f55432ea wp-block-group-is-layout-flex\" style=\"margin-top:0;margin-bottom:0;padding-top:0;padding-bottom:0\">\n<figure class=\"wp-block-gallery alignwide has-nested-images columns-3 is-cropped wp-block-gallery-2 is-layout-flex wp-block-gallery-is-layout-flex\">\n<figure class=\"wp-block-image size-full\"><img loading=\"lazy\" decoding=\"async\" width=\"960\" height=\"1280\" data-id=\"114\" src=\"https:\/\/jai2ailes.fr\/wp-content\/uploads\/2025\/09\/6-rempoissonement.jpg\" alt=\"\" class=\"wp-image-114\" srcset=\"https:\/\/jai2ailes.fr\/wp-content\/uploads\/2025\/09\/6-rempoissonement.jpg 960w, https:\/\/jai2ailes.fr\/wp-content\/uploads\/2025\/09\/6-rempoissonement-225x300.jpg 225w, https:\/\/jai2ailes.fr\/wp-content\/uploads\/2025\/09\/6-rempoissonement-768x1024.jpg 768w, https:\/\/jai2ailes.fr\/wp-content\/uploads\/2025\/09\/6-rempoissonement-600x800.jpg 600w\" sizes=\"auto, (max-width: 960px) 100vw, 960px\" \/><\/figure>\n\n\n\n<figure class=\"wp-block-image size-full\"><img loading=\"lazy\" decoding=\"async\" width=\"960\" height=\"540\" data-id=\"99\" src=\"https:\/\/jai2ailes.fr\/wp-content\/uploads\/2025\/09\/1.jpg\" alt=\"\" class=\"wp-image-99\" srcset=\"https:\/\/jai2ailes.fr\/wp-content\/uploads\/2025\/09\/1.jpg 960w, https:\/\/jai2ailes.fr\/wp-content\/uploads\/2025\/09\/1-300x169.jpg 300w, https:\/\/jai2ailes.fr\/wp-content\/uploads\/2025\/09\/1-768x432.jpg 768w, https:\/\/jai2ailes.fr\/wp-content\/uploads\/2025\/09\/1-600x338.jpg 600w\" sizes=\"auto, (max-width: 960px) 100vw, 960px\" \/><\/figure>\n\n\n\n<figure class=\"wp-block-image size-full\"><img loading=\"lazy\" decoding=\"async\" width=\"960\" height=\"1280\" data-id=\"96\" src=\"https:\/\/jai2ailes.fr\/wp-content\/uploads\/2025\/09\/5-etang-jai-2-ailes.jpg\" alt=\"\" class=\"wp-image-96\" srcset=\"https:\/\/jai2ailes.fr\/wp-content\/uploads\/2025\/09\/5-etang-jai-2-ailes.jpg 960w, https:\/\/jai2ailes.fr\/wp-content\/uploads\/2025\/09\/5-etang-jai-2-ailes-225x300.jpg 225w, https:\/\/jai2ailes.fr\/wp-content\/uploads\/2025\/09\/5-etang-jai-2-ailes-768x1024.jpg 768w, https:\/\/jai2ailes.fr\/wp-content\/uploads\/2025\/09\/5-etang-jai-2-ailes-600x800.jpg 600w\" sizes=\"auto, (max-width: 960px) 100vw, 960px\" \/><\/figure>\n<\/figure>\n<\/div>\n\n\n\n<div class=\"wp-block-group alignwide has-base-2-background-color has-background has-global-padding is-layout-constrained wp-block-group-is-layout-constrained\" style=\"padding-top:var(--wp--preset--spacing--30);padding-bottom:var(--wp--preset--spacing--30)\">\n<div class=\"wp-block-columns alignfull is-layout-flex wp-container-core-columns-is-layout-4e25967d wp-block-columns-is-layout-flex\" style=\"padding-right:var(--wp--preset--spacing--10);padding-left:var(--wp--preset--spacing--10)\">\n<div class=\"wp-block-column is-layout-flow wp-block-column-is-layout-flow\">\n<h2 class=\"wp-block-heading has-text-color has-link-color wp-elements-1546951844f7869b564dfd3d45667ff8\" style=\"color:#82a36e\">R\u00e9servez Votre Journ\u00e9e de R\u00eave en Ligne<\/h2>\n\n\n\n<p>Ne manquez pas votre session de <strong>p\u00eache \u00e0 la carpe<\/strong> ! Notre <strong>syst\u00e8me de r\u00e9servation en ligne<\/strong> vous permet de garantir votre place en toute simplicit\u00e9, 24h\/24.<\/p>\n\n\n\n<p>Vous souhaitez louer un <strong>ponton \u00e0 la journ\u00e9e<\/strong> ? Vous inscrire au prochain <strong>concours de p\u00eache<\/strong> ? Ou planifier la <strong>privatisation de l&#8217;\u00e9tang<\/strong> ? Quelques clics suffisent pour s\u00e9curiser votre date.<\/p>\n\n\n\n<p><strong>R\u00e9servez en ligne<\/strong> maintenant et pr\u00e9parez-vous \u00e0 vivre votre plus belle aventure au bord de l&#8217;eau !<\/p>\n\n\n\n<div style=\"height:38px\" aria-hidden=\"true\" class=\"wp-block-spacer\"><\/div>\n\n\n\n<div class=\"wp-block-buttons is-content-justification-center is-layout-flex wp-container-core-buttons-is-layout-a89b3969 wp-block-buttons-is-layout-flex\">\n<div class=\"wp-block-button is-style-fill\"><a class=\"wp-block-button__link has-background wp-element-button\" href=\"https:\/\/jai2ailes.fr\" style=\"background-color:#82a36e\">Accueil<\/a><\/div>\n\n\n\n<div class=\"wp-block-button is-style-fill\"><a class=\"wp-block-button__link has-background wp-element-button\" href=\"https:\/\/jai2ailes.fr\/index.php\/reservation-en-ligne\/\" style=\"background-color:#82a36e\">R\u00e9servation en ligne <\/a><\/div>\n\n\n\n<div class=\"wp-block-button is-style-fill\"><a class=\"wp-block-button__link has-background wp-element-button\" href=\"https:\/\/jai2ailes.fr\/index.php\/les-concours\/\" style=\"background-color:#82a36e\">Les Concours<\/a><\/div>\n<\/div>\n<\/div>\n<\/div>\n<\/div>\n\n\n\n<p><\/p>\n","protected":false},"excerpt":{"rendered":"<p>Le Domaine J&#8217;ai 2 Ailes : Votre \u00c9vasion Nature Imaginez-vous au bord de l&#8217;eau, dans le calme apaisant de la nature&#8230; Bienvenue au Domaine J&#8217;ai 2 Ailes ! Situ\u00e9 \u00e0 Saint-Amand-les-Eaux, au c\u0153ur du Nord de la France, notre domaine est l&#8217;adresse privil\u00e9gi\u00e9e pour tous les passionn\u00e9s de p\u00eache \u00e0 la carpe. Notre \u00e9tang de [&hellip;]<\/p>\n","protected":false},"author":1,"featured_media":0,"parent":0,"menu_order":0,"comment_status":"closed","ping_status":"closed","template":"","meta":{"footnotes":""},"class_list":["post-2","page","type-page","status-publish","hentry"],"_links":{"self":[{"href":"https:\/\/jai2ailes.fr\/index.php\/wp-json\/wp\/v2\/pages\/2","targetHints":{"allow":["GET"]}}],"collection":[{"href":"https:\/\/jai2ailes.fr\/index.php\/wp-json\/wp\/v2\/pages"}],"about":[{"href":"https:\/\/jai2ailes.fr\/index.php\/wp-json\/wp\/v2\/types\/page"}],"author":[{"embeddable":true,"href":"https:\/\/jai2ailes.fr\/index.php\/wp-json\/wp\/v2\/users\/1"}],"replies":[{"embeddable":true,"href":"https:\/\/jai2ailes.fr\/index.php\/wp-json\/wp\/v2\/comments?post=2"}],"version-history":[{"count":12,"href":"https:\/\/jai2ailes.fr\/index.php\/wp-json\/wp\/v2\/pages\/2\/revisions"}],"predecessor-version":[{"id":337,"href":"https:\/\/jai2ailes.fr\/index.php\/wp-json\/wp\/v2\/pages\/2\/revisions\/337"}],"wp:attachment":[{"href":"https:\/\/jai2ailes.fr\/index.php\/wp-json\/wp\/v2\/media?parent=2"}],"curies":[{"name":"wp","href":"https:\/\/api.w.org\/{rel}","templated":true}]}}