{"id":14,"date":"2025-09-30T12:39:54","date_gmt":"2025-09-30T12:39:54","guid":{"rendered":"https:\/\/jai2ailes.fr\/index.php\/panier\/"},"modified":"2025-12-12T14:01:41","modified_gmt":"2025-12-12T14:01:41","slug":"panier","status":"publish","type":"page","link":"https:\/\/jai2ailes.fr\/index.php\/panier\/","title":{"rendered":"Panier"},"content":{"rendered":"\n<div data-block-name=\"woocommerce\/cart\" class=\"wp-block-woocommerce-cart alignwide is-loading\">\n<div data-block-name=\"woocommerce\/filled-cart-block\" class=\"wp-block-woocommerce-filled-cart-block\">\n<div data-block-name=\"woocommerce\/cart-items-block\" class=\"wp-block-woocommerce-cart-items-block\">\n<div data-block-name=\"woocommerce\/cart-line-items-block\" class=\"wp-block-woocommerce-cart-line-items-block\"><\/div>\n\n\n<\/div>\n\n\n\n<div data-block-name=\"woocommerce\/cart-totals-block\" class=\"wp-block-woocommerce-cart-totals-block\">\n<div data-block-name=\"woocommerce\/cart-order-summary-block\" class=\"wp-block-woocommerce-cart-order-summary-block\">\n<div data-block-name=\"woocommerce\/cart-order-summary-heading-block\" data-content=\"Total panier\" class=\"wp-block-woocommerce-cart-order-summary-heading-block\"><\/div>\n\n\n\n<div data-block-name=\"woocommerce\/cart-order-summary-coupon-form-block\" class=\"wp-block-woocommerce-cart-order-summary-coupon-form-block\"><\/div>\n\n\n\n<div data-block-name=\"woocommerce\/cart-order-summary-totals-block\" class=\"wp-block-woocommerce-cart-order-summary-totals-block\">\n<div data-block-name=\"woocommerce\/cart-order-summary-subtotal-block\" class=\"wp-block-woocommerce-cart-order-summary-subtotal-block\"><\/div>\n\n\n\n<div data-block-name=\"woocommerce\/cart-order-summary-fee-block\" class=\"wp-block-woocommerce-cart-order-summary-fee-block\"><\/div>\n\n\n\n<div data-block-name=\"woocommerce\/cart-order-summary-discount-block\" class=\"wp-block-woocommerce-cart-order-summary-discount-block\"><\/div>\n\n\n\n<div data-block-name=\"woocommerce\/cart-order-summary-shipping-block\" class=\"wp-block-woocommerce-cart-order-summary-shipping-block\"><\/div>\n\n\n\n<div data-block-name=\"woocommerce\/cart-order-summary-taxes-block\" class=\"wp-block-woocommerce-cart-order-summary-taxes-block\"><\/div>\n<\/div>\n<\/div>\n\n\n\n<div data-block-name=\"woocommerce\/cart-express-payment-block\" class=\"wp-block-woocommerce-cart-express-payment-block\"><\/div>\n\n\n\n<div data-block-name=\"woocommerce\/proceed-to-checkout-block\" class=\"wp-block-woocommerce-proceed-to-checkout-block\"><\/div>\n<div id=\"ppcp-recaptcha-v2-container\" style=\"margin:20px 0;\"><\/div>\n\n\n<div data-block-name=\"woocommerce\/cart-accepted-payment-methods-block\" class=\"wp-block-woocommerce-cart-accepted-payment-methods-block\"><\/div>\n\n\n<\/div>\n<\/div>\n\n\n\n<div data-block-name=\"woocommerce\/empty-cart-block\" class=\"wp-block-woocommerce-empty-cart-block\">\n<h2 class=\"wp-block-heading has-text-align-center with-empty-cart-icon wc-block-cart__empty-cart__title\">Votre panier est actuellement vide&nbsp;!<\/h2>\n\n\n\n<hr class=\"wp-block-separator has-alpha-channel-opacity is-style-dots\"\/>\n\n\n\n<h2 class=\"wp-block-heading has-text-align-center\">Nouveau dans la boutique<\/h2>\n\n\n<div data-block-name=\"woocommerce\/product-new\" data-columns=\"4\" data-rows=\"1\" class=\"wc-block-grid wp-block-product-new wp-block-woocommerce-product-new wc-block-product-new has-4-columns\"><ul class=\"wc-block-grid__products\"><li class=\"wc-block-grid__product\">\n\t\t\t\t<a href=\"https:\/\/jai2ailes.fr\/index.php\/produit\/location-de-letang-sans-acces-a-la-brasserie\/\" class=\"wc-block-grid__product-link\">\n\t\t\t\t\t\n\t\t\t\t\t<div class=\"wc-block-grid__product-image\"><img loading=\"lazy\" decoding=\"async\" width=\"300\" height=\"300\" src=\"https:\/\/jai2ailes.fr\/wp-content\/uploads\/2025\/10\/domaine-2-300x300.jpg\" class=\"attachment-woocommerce_thumbnail size-woocommerce_thumbnail\" alt=\"Location de l&#039;\u00e9tang sans acc\u00e8s \u00e0 la brasserie\" srcset=\"https:\/\/jai2ailes.fr\/wp-content\/uploads\/2025\/10\/domaine-2-300x300.jpg 300w, https:\/\/jai2ailes.fr\/wp-content\/uploads\/2025\/10\/domaine-2-150x150.jpg 150w, https:\/\/jai2ailes.fr\/wp-content\/uploads\/2025\/10\/domaine-2-100x100.jpg 100w\" sizes=\"auto, (max-width: 300px) 100vw, 300px\" \/><\/div>\n\t\t\t\t\t<div class=\"wc-block-grid__product-title\">Location de l&#8217;\u00e9tang sans acc\u00e8s \u00e0 la brasserie<\/div>\n\t\t\t\t<\/a>\n\t\t\t\t<div class=\"wc-block-grid__product-price price\"><span class=\"woocommerce-Price-amount amount\">150,00&nbsp;<span class=\"woocommerce-Price-currencySymbol\">&euro;<\/span><\/span> <small class=\"duration\">1 jour<\/small><\/div>\n\t\t\t\t\n\t\t\t\t<div class=\"wp-block-button wc-block-grid__product-add-to-cart\"><a href=\"https:\/\/jai2ailes.fr\/index.php\/produit\/location-de-letang-sans-acces-a-la-brasserie\/\" aria-label=\"En savoir plus sur &ldquo;Location de l&#039;\u00e9tang sans acc\u00e8s \u00e0 la brasserie&rdquo;\" data-quantity=\"1\" data-product_id=\"489\" data-product_sku=\"\" data-price=\"150\" rel=\"nofollow\" class=\"wp-block-button__link wp-element-button add_to_cart_button\">R\u00e9server<\/a><\/div>\n\t\t\t<\/li><li class=\"wc-block-grid__product\">\n\t\t\t\t<a href=\"https:\/\/jai2ailes.fr\/index.php\/produit\/concours-g2l-cup-competition-de-2x8h-en-americaine\/\" class=\"wc-block-grid__product-link\">\n\t\t\t\t\t\n\t\t\t\t\t<div class=\"wc-block-grid__product-image\"><img loading=\"lazy\" decoding=\"async\" width=\"300\" height=\"300\" src=\"https:\/\/jai2ailes.fr\/wp-content\/uploads\/2025\/10\/domaine-26-300x300.jpg\" class=\"attachment-woocommerce_thumbnail size-woocommerce_thumbnail\" alt=\"Concours G2L Cup ( Comp\u00e9tition de 2x8h en am\u00e9ricaine )\" srcset=\"https:\/\/jai2ailes.fr\/wp-content\/uploads\/2025\/10\/domaine-26-300x300.jpg 300w, https:\/\/jai2ailes.fr\/wp-content\/uploads\/2025\/10\/domaine-26-150x150.jpg 150w, https:\/\/jai2ailes.fr\/wp-content\/uploads\/2025\/10\/domaine-26-100x100.jpg 100w\" sizes=\"auto, (max-width: 300px) 100vw, 300px\" \/><\/div>\n\t\t\t\t\t<div class=\"wc-block-grid__product-title\">Concours G2L Cup ( Comp\u00e9tition de 2x8h en am\u00e9ricaine )<\/div>\n\t\t\t\t<\/a>\n\t\t\t\t<div class=\"wc-block-grid__product-price price\">210\u20ac par \u00e9quipe avec repas dont 140\u20ac pour les enveloppes <small class=\"duration\">2 jours<\/small><\/div>\n\t\t\t\t\n\t\t\t\t<div class=\"wp-block-button wc-block-grid__product-add-to-cart\"><a href=\"https:\/\/jai2ailes.fr\/index.php\/produit\/concours-g2l-cup-competition-de-2x8h-en-americaine\/\" aria-label=\"En savoir plus sur &ldquo;Concours G2L Cup ( Comp\u00e9tition de 2x8h en am\u00e9ricaine )&rdquo;\" data-quantity=\"1\" data-product_id=\"391\" data-product_sku=\"\" data-price=\"210\" rel=\"nofollow\" class=\"wp-block-button__link wp-element-button add_to_cart_button\">R\u00e9server<\/a><\/div>\n\t\t\t<\/li><li class=\"wc-block-grid__product\">\n\t\t\t\t<a href=\"https:\/\/jai2ailes.fr\/index.php\/produit\/concours-en-americaine\/\" class=\"wc-block-grid__product-link\">\n\t\t\t\t\t\n\t\t\t\t\t<div class=\"wc-block-grid__product-image\"><img loading=\"lazy\" decoding=\"async\" width=\"300\" height=\"300\" src=\"https:\/\/jai2ailes.fr\/wp-content\/uploads\/2025\/09\/domaine-6-300x300.jpg\" class=\"attachment-woocommerce_thumbnail size-woocommerce_thumbnail\" alt=\"Concours en am\u00e9ricaine (1 journ\u00e9e )\" srcset=\"https:\/\/jai2ailes.fr\/wp-content\/uploads\/2025\/09\/domaine-6-300x300.jpg 300w, https:\/\/jai2ailes.fr\/wp-content\/uploads\/2025\/09\/domaine-6-150x150.jpg 150w, https:\/\/jai2ailes.fr\/wp-content\/uploads\/2025\/09\/domaine-6-100x100.jpg 100w\" sizes=\"auto, (max-width: 300px) 100vw, 300px\" \/><\/div>\n\t\t\t\t\t<div class=\"wc-block-grid__product-title\">Concours en am\u00e9ricaine (1 journ\u00e9e )<\/div>\n\t\t\t\t<\/a>\n\t\t\t\t<div class=\"wc-block-grid__product-price price\">75\u20ac par \u00e9quipe dont 40\u20ac pour les enveloppes <small class=\"duration\">1 jour<\/small><\/div>\n\t\t\t\t\n\t\t\t\t<div class=\"wp-block-button wc-block-grid__product-add-to-cart\"><a href=\"https:\/\/jai2ailes.fr\/index.php\/produit\/concours-en-americaine\/\" aria-label=\"En savoir plus sur &ldquo;Concours en am\u00e9ricaine (1 journ\u00e9e )&rdquo;\" data-quantity=\"1\" data-product_id=\"389\" data-product_sku=\"\" data-price=\"75\" rel=\"nofollow\" class=\"wp-block-button__link wp-element-button add_to_cart_button\">R\u00e9server<\/a><\/div>\n\t\t\t<\/li><li class=\"wc-block-grid__product\">\n\t\t\t\t<a href=\"https:\/\/jai2ailes.fr\/index.php\/produit\/concours-weekend-2-jours\/\" class=\"wc-block-grid__product-link\">\n\t\t\t\t\t\n\t\t\t\t\t<div class=\"wc-block-grid__product-image\"><img loading=\"lazy\" decoding=\"async\" width=\"300\" height=\"300\" src=\"https:\/\/jai2ailes.fr\/wp-content\/uploads\/2025\/10\/domaine-3-300x300.jpg\" class=\"attachment-woocommerce_thumbnail size-woocommerce_thumbnail\" alt=\"Concours Am\u00e9ricaine (24H avec un rempla\u00e7ant possible)\" srcset=\"https:\/\/jai2ailes.fr\/wp-content\/uploads\/2025\/10\/domaine-3-300x300.jpg 300w, https:\/\/jai2ailes.fr\/wp-content\/uploads\/2025\/10\/domaine-3-150x150.jpg 150w, https:\/\/jai2ailes.fr\/wp-content\/uploads\/2025\/10\/domaine-3-100x100.jpg 100w\" sizes=\"auto, (max-width: 300px) 100vw, 300px\" \/><\/div>\n\t\t\t\t\t<div class=\"wc-block-grid__product-title\">Concours Am\u00e9ricaine (24H avec un rempla\u00e7ant possible)<\/div>\n\t\t\t\t<\/a>\n\t\t\t\t<div class=\"wc-block-grid__product-price price\">160\u20ac par \u00e9quipe avec 3 repas et un petit dejeuner + 40\u20ac si rempla\u00e7ant dont 60\u20ac pour les enveloppes <small class=\"duration\">2 jours<\/small><\/div>\n\t\t\t\t\n\t\t\t\t<div class=\"wp-block-button wc-block-grid__product-add-to-cart\"><a href=\"https:\/\/jai2ailes.fr\/index.php\/produit\/concours-weekend-2-jours\/\" aria-label=\"En savoir plus sur &ldquo;Concours Am\u00e9ricaine (24H avec un rempla\u00e7ant possible)&rdquo;\" data-quantity=\"1\" data-product_id=\"289\" data-product_sku=\"\" data-price=\"160\" rel=\"nofollow\" class=\"wp-block-button__link wp-element-button add_to_cart_button\">R\u00e9server<\/a><\/div>\n\t\t\t<\/li><\/ul><\/div><\/div>\n<\/div>\n","protected":false},"excerpt":{"rendered":"","protected":false},"author":1,"featured_media":0,"parent":0,"menu_order":0,"comment_status":"closed","ping_status":"closed","template":"","meta":{"footnotes":""},"class_list":["post-14","page","type-page","status-publish","hentry"],"_links":{"self":[{"href":"https:\/\/jai2ailes.fr\/index.php\/wp-json\/wp\/v2\/pages\/14","targetHints":{"allow":["GET"]}}],"collection":[{"href":"https:\/\/jai2ailes.fr\/index.php\/wp-json\/wp\/v2\/pages"}],"about":[{"href":"https:\/\/jai2ailes.fr\/index.php\/wp-json\/wp\/v2\/types\/page"}],"author":[{"embeddable":true,"href":"https:\/\/jai2ailes.fr\/index.php\/wp-json\/wp\/v2\/users\/1"}],"replies":[{"embeddable":true,"href":"https:\/\/jai2ailes.fr\/index.php\/wp-json\/wp\/v2\/comments?post=14"}],"version-history":[{"count":3,"href":"https:\/\/jai2ailes.fr\/index.php\/wp-json\/wp\/v2\/pages\/14\/revisions"}],"predecessor-version":[{"id":474,"href":"https:\/\/jai2ailes.fr\/index.php\/wp-json\/wp\/v2\/pages\/14\/revisions\/474"}],"wp:attachment":[{"href":"https:\/\/jai2ailes.fr\/index.php\/wp-json\/wp\/v2\/media?parent=14"}],"curies":[{"name":"wp","href":"https:\/\/api.w.org\/{rel}","templated":true}]}}